{"id":13,"date":"2023-01-21T19:44:08","date_gmt":"2023-01-21T18:44:08","guid":{"rendered":"https:\/\/partyspajou.cz\/?page_id=13"},"modified":"2025-02-28T23:09:34","modified_gmt":"2025-02-28T22:09:34","slug":"galerie","status":"publish","type":"page","link":"https:\/\/partyspajou.cz\/?page_id=13","title":{"rendered":"Galerie"},"content":{"rendered":"\n<p>Sk\u00e1kac\u00ed hrad<\/p>\n\n\n\n<div class=\"wp-block-group\"><div class=\"wp-block-group__inner-container is-layout-constrained wp-block-group-is-layout-constrained\">\n<div class=\"wp-block-columns is-layout-flex wp-container-core-columns-is-layout-9d6595d7 wp-block-columns-is-layout-flex\">\n<div class=\"wp-block-column is-layout-flow wp-block-column-is-layout-flow\" style=\"flex-basis:100%\">\n<div class=\"wp-block-cover\"><span aria-hidden=\"true\" class=\"wp-block-cover__background has-background-dim\"><\/span><img loading=\"lazy\" decoding=\"async\" width=\"768\" height=\"1024\" class=\"wp-block-cover__image-background wp-image-92\" alt=\"\" src=\"https:\/\/partyspajou.cz\/wp-content\/uploads\/2023\/04\/20230129_102230-768x1024.jpg\" data-object-fit=\"cover\" srcset=\"https:\/\/partyspajou.cz\/wp-content\/uploads\/2023\/04\/20230129_102230-768x1024.jpg 768w, https:\/\/partyspajou.cz\/wp-content\/uploads\/2023\/04\/20230129_102230-225x300.jpg 225w, https:\/\/partyspajou.cz\/wp-content\/uploads\/2023\/04\/20230129_102230-1152x1536.jpg 1152w, https:\/\/partyspajou.cz\/wp-content\/uploads\/2023\/04\/20230129_102230-1536x2048.jpg 1536w, https:\/\/partyspajou.cz\/wp-content\/uploads\/2023\/04\/20230129_102230-scaled.jpg 1920w\" sizes=\"auto, (max-width: 768px) 100vw, 768px\" \/><div class=\"wp-block-cover__inner-container is-layout-flow wp-block-cover-is-layout-flow\">\n<p class=\"has-text-align-center has-large-font-size\">Sk\u00e1kac\u00ed hrad<\/p>\n<\/div><\/div>\n\n\n\n<figure class=\"wp-block-image size-large is-resized\"><img loading=\"lazy\" decoding=\"async\" width=\"1024\" height=\"768\" src=\"https:\/\/partyspajou.cz\/wp-content\/uploads\/2023\/04\/20230129_103516-1024x768.jpg\" alt=\"\" class=\"wp-image-98\" style=\"width:240px;height:180px\" srcset=\"https:\/\/partyspajou.cz\/wp-content\/uploads\/2023\/04\/20230129_103516-1024x768.jpg 1024w, https:\/\/partyspajou.cz\/wp-content\/uploads\/2023\/04\/20230129_103516-300x225.jpg 300w, https:\/\/partyspajou.cz\/wp-content\/uploads\/2023\/04\/20230129_103516-768x576.jpg 768w, https:\/\/partyspajou.cz\/wp-content\/uploads\/2023\/04\/20230129_103516-1536x1152.jpg 1536w, https:\/\/partyspajou.cz\/wp-content\/uploads\/2023\/04\/20230129_103516-2048x1536.jpg 2048w, https:\/\/partyspajou.cz\/wp-content\/uploads\/2023\/04\/20230129_103516-840x630.jpg 840w, https:\/\/partyspajou.cz\/wp-content\/uploads\/2023\/04\/20230129_103516-90x68.jpg 90w\" sizes=\"auto, (max-width: 1024px) 100vw, 1024px\" \/><\/figure>\n<\/div>\n<\/div>\n\n\n\n<div class=\"wp-block-group\"><div class=\"wp-block-group__inner-container is-layout-constrained wp-block-group-is-layout-constrained\">\n<figure class=\"wp-block-image size-large is-resized\"><img loading=\"lazy\" decoding=\"async\" width=\"768\" height=\"1024\" src=\"https:\/\/partyspajou.cz\/wp-content\/uploads\/2023\/04\/20230129_102230-1-768x1024.jpg\" alt=\"\" class=\"wp-image-100\" style=\"width:233px;height:311px\" srcset=\"https:\/\/partyspajou.cz\/wp-content\/uploads\/2023\/04\/20230129_102230-1-768x1024.jpg 768w, https:\/\/partyspajou.cz\/wp-content\/uploads\/2023\/04\/20230129_102230-1-225x300.jpg 225w, https:\/\/partyspajou.cz\/wp-content\/uploads\/2023\/04\/20230129_102230-1-1152x1536.jpg 1152w, https:\/\/partyspajou.cz\/wp-content\/uploads\/2023\/04\/20230129_102230-1-1536x2048.jpg 1536w, https:\/\/partyspajou.cz\/wp-content\/uploads\/2023\/04\/20230129_102230-1-scaled.jpg 1920w\" sizes=\"auto, (max-width: 768px) 100vw, 768px\" \/><\/figure>\n<\/div><\/div>\n\n\n\n<div class=\"wp-block-cover\"><span aria-hidden=\"true\" class=\"wp-block-cover__background has-background-dim\"><\/span><img loading=\"lazy\" decoding=\"async\" width=\"768\" height=\"1024\" class=\"wp-block-cover__image-background wp-image-104\" alt=\"\" src=\"https:\/\/partyspajou.cz\/wp-content\/uploads\/2023\/04\/20230218_151458-768x1024.jpg\" data-object-fit=\"cover\" srcset=\"https:\/\/partyspajou.cz\/wp-content\/uploads\/2023\/04\/20230218_151458-768x1024.jpg 768w, https:\/\/partyspajou.cz\/wp-content\/uploads\/2023\/04\/20230218_151458-225x300.jpg 225w, https:\/\/partyspajou.cz\/wp-content\/uploads\/2023\/04\/20230218_151458-1152x1536.jpg 1152w, https:\/\/partyspajou.cz\/wp-content\/uploads\/2023\/04\/20230218_151458-1536x2048.jpg 1536w, https:\/\/partyspajou.cz\/wp-content\/uploads\/2023\/04\/20230218_151458-scaled.jpg 1920w\" sizes=\"auto, (max-width: 768px) 100vw, 768px\" \/><div class=\"wp-block-cover__inner-container is-layout-flow wp-block-cover-is-layout-flow\">\n<p class=\"has-text-align-center has-large-font-size\">Ma\u0161karn\u00ed Kout na \u0160umav\u011b<\/p>\n<\/div><\/div>\n<\/div><\/div>\n\n\n\n<figure class=\"wp-block-image size-large is-resized\"><img loading=\"lazy\" decoding=\"async\" width=\"768\" height=\"1024\" src=\"https:\/\/partyspajou.cz\/wp-content\/uploads\/2023\/04\/20230218_151451-768x1024.jpg\" alt=\"\" class=\"wp-image-103\" style=\"width:216px;height:288px\" srcset=\"https:\/\/partyspajou.cz\/wp-content\/uploads\/2023\/04\/20230218_151451-768x1024.jpg 768w, https:\/\/partyspajou.cz\/wp-content\/uploads\/2023\/04\/20230218_151451-225x300.jpg 225w, https:\/\/partyspajou.cz\/wp-content\/uploads\/2023\/04\/20230218_151451-1152x1536.jpg 1152w, https:\/\/partyspajou.cz\/wp-content\/uploads\/2023\/04\/20230218_151451-1536x2048.jpg 1536w, https:\/\/partyspajou.cz\/wp-content\/uploads\/2023\/04\/20230218_151451-scaled.jpg 1920w\" sizes=\"auto, (max-width: 768px) 100vw, 768px\" \/><\/figure>\n\n\n\n<figure class=\"wp-block-image size-large is-resized\"><img loading=\"lazy\" decoding=\"async\" width=\"768\" height=\"1024\" src=\"https:\/\/partyspajou.cz\/wp-content\/uploads\/2023\/04\/20230218_151612-768x1024.jpg\" alt=\"\" class=\"wp-image-106\" style=\"width:216px;height:288px\" srcset=\"https:\/\/partyspajou.cz\/wp-content\/uploads\/2023\/04\/20230218_151612-768x1024.jpg 768w, https:\/\/partyspajou.cz\/wp-content\/uploads\/2023\/04\/20230218_151612-225x300.jpg 225w, https:\/\/partyspajou.cz\/wp-content\/uploads\/2023\/04\/20230218_151612-1152x1536.jpg 1152w, https:\/\/partyspajou.cz\/wp-content\/uploads\/2023\/04\/20230218_151612-1536x2048.jpg 1536w, https:\/\/partyspajou.cz\/wp-content\/uploads\/2023\/04\/20230218_151612-scaled.jpg 1920w\" sizes=\"auto, (max-width: 768px) 100vw, 768px\" \/><\/figure>\n\n\n\n<figure class=\"wp-block-image size-large is-resized\"><img loading=\"lazy\" decoding=\"async\" width=\"768\" height=\"1024\" src=\"https:\/\/partyspajou.cz\/wp-content\/uploads\/2023\/04\/20230218_152113-768x1024.jpg\" alt=\"\" class=\"wp-image-107\" style=\"width:215px;height:287px\" srcset=\"https:\/\/partyspajou.cz\/wp-content\/uploads\/2023\/04\/20230218_152113-768x1024.jpg 768w, https:\/\/partyspajou.cz\/wp-content\/uploads\/2023\/04\/20230218_152113-225x300.jpg 225w, https:\/\/partyspajou.cz\/wp-content\/uploads\/2023\/04\/20230218_152113-1152x1536.jpg 1152w, https:\/\/partyspajou.cz\/wp-content\/uploads\/2023\/04\/20230218_152113-1536x2048.jpg 1536w, https:\/\/partyspajou.cz\/wp-content\/uploads\/2023\/04\/20230218_152113-scaled.jpg 1920w\" sizes=\"auto, (max-width: 768px) 100vw, 768px\" \/><\/figure>\n\n\n\n\n\n\n\n<figure class=\"wp-block-image\"><img loading=\"lazy\" decoding=\"async\" width=\"1200\" height=\"1599\" src=\"https:\/\/partyspajou.cz\/wp-content\/uploads\/2025\/02\/inbound1268734898770070885.jpg\" alt=\"\" class=\"wp-image-135\" srcset=\"https:\/\/partyspajou.cz\/wp-content\/uploads\/2025\/02\/inbound1268734898770070885.jpg 1200w, https:\/\/partyspajou.cz\/wp-content\/uploads\/2025\/02\/inbound1268734898770070885-225x300.jpg 225w, https:\/\/partyspajou.cz\/wp-content\/uploads\/2025\/02\/inbound1268734898770070885-768x1023.jpg 768w, https:\/\/partyspajou.cz\/wp-content\/uploads\/2025\/02\/inbound1268734898770070885-1153x1536.jpg 1153w\" sizes=\"auto, (max-width: 1200px) 100vw, 1200px\" \/><\/figure>\n\n\n\n<figure class=\"wp-block-image\"><img loading=\"lazy\" decoding=\"async\" width=\"1440\" height=\"1440\" src=\"https:\/\/partyspajou.cz\/wp-content\/uploads\/2025\/02\/inbound6623625555275565671.webp\" alt=\"\" class=\"wp-image-134\" srcset=\"https:\/\/partyspajou.cz\/wp-content\/uploads\/2025\/02\/inbound6623625555275565671.webp 1440w, https:\/\/partyspajou.cz\/wp-content\/uploads\/2025\/02\/inbound6623625555275565671-300x300.webp 300w, https:\/\/partyspajou.cz\/wp-content\/uploads\/2025\/02\/inbound6623625555275565671-1024x1024.webp 1024w, https:\/\/partyspajou.cz\/wp-content\/uploads\/2025\/02\/inbound6623625555275565671-150x150.webp 150w, https:\/\/partyspajou.cz\/wp-content\/uploads\/2025\/02\/inbound6623625555275565671-768x768.webp 768w\" sizes=\"auto, (max-width: 1440px) 100vw, 1440px\" \/><\/figure>\n\n\n\n<figure class=\"wp-block-image\"><img loading=\"lazy\" decoding=\"async\" width=\"1200\" height=\"1599\" src=\"https:\/\/partyspajou.cz\/wp-content\/uploads\/2025\/02\/inbound1268734898770070885.jpg\" alt=\"\" class=\"wp-image-135\" srcset=\"https:\/\/partyspajou.cz\/wp-content\/uploads\/2025\/02\/inbound1268734898770070885.jpg 1200w, https:\/\/partyspajou.cz\/wp-content\/uploads\/2025\/02\/inbound1268734898770070885-225x300.jpg 225w, https:\/\/partyspajou.cz\/wp-content\/uploads\/2025\/02\/inbound1268734898770070885-768x1023.jpg 768w, https:\/\/partyspajou.cz\/wp-content\/uploads\/2025\/02\/inbound1268734898770070885-1153x1536.jpg 1153w\" sizes=\"auto, (max-width: 1200px) 100vw, 1200px\" \/><\/figure>\n\n\n\n<figure class=\"wp-block-image\"><img loading=\"lazy\" decoding=\"async\" width=\"1440\" height=\"1440\" src=\"https:\/\/partyspajou.cz\/wp-content\/uploads\/2025\/02\/inbound6623625555275565671.webp\" alt=\"\" class=\"wp-image-134\" srcset=\"https:\/\/partyspajou.cz\/wp-content\/uploads\/2025\/02\/inbound6623625555275565671.webp 1440w, https:\/\/partyspajou.cz\/wp-content\/uploads\/2025\/02\/inbound6623625555275565671-300x300.webp 300w, https:\/\/partyspajou.cz\/wp-content\/uploads\/2025\/02\/inbound6623625555275565671-1024x1024.webp 1024w, https:\/\/partyspajou.cz\/wp-content\/uploads\/2025\/02\/inbound6623625555275565671-150x150.webp 150w, https:\/\/partyspajou.cz\/wp-content\/uploads\/2025\/02\/inbound6623625555275565671-768x768.webp 768w\" sizes=\"auto, (max-width: 1440px) 100vw, 1440px\" \/><\/figure>\n\n\n\n<figure class=\"wp-block-image\"><img loading=\"lazy\" decoding=\"async\" width=\"1537\" height=\"2048\" src=\"https:\/\/partyspajou.cz\/wp-content\/uploads\/2025\/02\/inbound5231400115387612722.jpg\" alt=\"\" class=\"wp-image-131\" srcset=\"https:\/\/partyspajou.cz\/wp-content\/uploads\/2025\/02\/inbound5231400115387612722.jpg 1537w, https:\/\/partyspajou.cz\/wp-content\/uploads\/2025\/02\/inbound5231400115387612722-225x300.jpg 225w, https:\/\/partyspajou.cz\/wp-content\/uploads\/2025\/02\/inbound5231400115387612722-769x1024.jpg 769w, https:\/\/partyspajou.cz\/wp-content\/uploads\/2025\/02\/inbound5231400115387612722-768x1023.jpg 768w, https:\/\/partyspajou.cz\/wp-content\/uploads\/2025\/02\/inbound5231400115387612722-1153x1536.jpg 1153w\" sizes=\"auto, (max-width: 1537px) 100vw, 1537px\" \/><\/figure>\n\n\n\n\n\n<figure class=\"wp-block-image\"><img loading=\"lazy\" decoding=\"async\" width=\"1537\" height=\"2048\" src=\"https:\/\/partyspajou.cz\/wp-content\/uploads\/2025\/02\/inbound856126459009981534.jpg\" alt=\"\" class=\"wp-image-130\" srcset=\"https:\/\/partyspajou.cz\/wp-content\/uploads\/2025\/02\/inbound856126459009981534.jpg 1537w, https:\/\/partyspajou.cz\/wp-content\/uploads\/2025\/02\/inbound856126459009981534-225x300.jpg 225w, https:\/\/partyspajou.cz\/wp-content\/uploads\/2025\/02\/inbound856126459009981534-769x1024.jpg 769w, https:\/\/partyspajou.cz\/wp-content\/uploads\/2025\/02\/inbound856126459009981534-768x1023.jpg 768w, https:\/\/partyspajou.cz\/wp-content\/uploads\/2025\/02\/inbound856126459009981534-1153x1536.jpg 1153w\" sizes=\"auto, (max-width: 1537px) 100vw, 1537px\" \/><\/figure>\n\n\n\n<figure class=\"wp-block-image\"><img loading=\"lazy\" decoding=\"async\" width=\"1537\" height=\"2048\" src=\"https:\/\/partyspajou.cz\/wp-content\/uploads\/2025\/02\/inbound2123713506321533694.jpg\" alt=\"\" class=\"wp-image-128\" srcset=\"https:\/\/partyspajou.cz\/wp-content\/uploads\/2025\/02\/inbound2123713506321533694.jpg 1537w, https:\/\/partyspajou.cz\/wp-content\/uploads\/2025\/02\/inbound2123713506321533694-225x300.jpg 225w, https:\/\/partyspajou.cz\/wp-content\/uploads\/2025\/02\/inbound2123713506321533694-769x1024.jpg 769w, https:\/\/partyspajou.cz\/wp-content\/uploads\/2025\/02\/inbound2123713506321533694-768x1023.jpg 768w, https:\/\/partyspajou.cz\/wp-content\/uploads\/2025\/02\/inbound2123713506321533694-1153x1536.jpg 1153w\" sizes=\"auto, (max-width: 1537px) 100vw, 1537px\" \/><\/figure>\n\n\n\n<figure class=\"wp-block-image\"><img loading=\"lazy\" decoding=\"async\" width=\"2048\" height=\"1537\" src=\"https:\/\/partyspajou.cz\/wp-content\/uploads\/2025\/02\/inbound2297048510071369410.jpg\" alt=\"\" class=\"wp-image-127\" srcset=\"https:\/\/partyspajou.cz\/wp-content\/uploads\/2025\/02\/inbound2297048510071369410.jpg 2048w, https:\/\/partyspajou.cz\/wp-content\/uploads\/2025\/02\/inbound2297048510071369410-300x225.jpg 300w, https:\/\/partyspajou.cz\/wp-content\/uploads\/2025\/02\/inbound2297048510071369410-1024x769.jpg 1024w, https:\/\/partyspajou.cz\/wp-content\/uploads\/2025\/02\/inbound2297048510071369410-768x576.jpg 768w, https:\/\/partyspajou.cz\/wp-content\/uploads\/2025\/02\/inbound2297048510071369410-1536x1153.jpg 1536w, https:\/\/partyspajou.cz\/wp-content\/uploads\/2025\/02\/inbound2297048510071369410-840x630.jpg 840w, https:\/\/partyspajou.cz\/wp-content\/uploads\/2025\/02\/inbound2297048510071369410-90x68.jpg 90w\" sizes=\"auto, (max-width: 2048px) 100vw, 2048px\" \/><\/figure>\n\n\n\n<figure class=\"wp-block-image\"><img loading=\"lazy\" decoding=\"async\" width=\"1537\" height=\"2048\" src=\"https:\/\/partyspajou.cz\/wp-content\/uploads\/2025\/02\/inbound301171228408566438.jpg\" alt=\"\" class=\"wp-image-126\" srcset=\"https:\/\/partyspajou.cz\/wp-content\/uploads\/2025\/02\/inbound301171228408566438.jpg 1537w, https:\/\/partyspajou.cz\/wp-content\/uploads\/2025\/02\/inbound301171228408566438-225x300.jpg 225w, https:\/\/partyspajou.cz\/wp-content\/uploads\/2025\/02\/inbound301171228408566438-769x1024.jpg 769w, https:\/\/partyspajou.cz\/wp-content\/uploads\/2025\/02\/inbound301171228408566438-768x1023.jpg 768w, https:\/\/partyspajou.cz\/wp-content\/uploads\/2025\/02\/inbound301171228408566438-1153x1536.jpg 1153w\" sizes=\"auto, (max-width: 1537px) 100vw, 1537px\" \/><\/figure>\n\n\n\n<figure class=\"wp-block-image\"><img loading=\"lazy\" decoding=\"async\" width=\"1080\" height=\"2400\" src=\"https:\/\/partyspajou.cz\/wp-content\/uploads\/2025\/02\/inbound790698420408237035.jpg\" alt=\"\" class=\"wp-image-140\" srcset=\"https:\/\/partyspajou.cz\/wp-content\/uploads\/2025\/02\/inbound790698420408237035.jpg 1080w, https:\/\/partyspajou.cz\/wp-content\/uploads\/2025\/02\/inbound790698420408237035-135x300.jpg 135w, https:\/\/partyspajou.cz\/wp-content\/uploads\/2025\/02\/inbound790698420408237035-461x1024.jpg 461w, https:\/\/partyspajou.cz\/wp-content\/uploads\/2025\/02\/inbound790698420408237035-768x1707.jpg 768w, https:\/\/partyspajou.cz\/wp-content\/uploads\/2025\/02\/inbound790698420408237035-691x1536.jpg 691w, https:\/\/partyspajou.cz\/wp-content\/uploads\/2025\/02\/inbound790698420408237035-922x2048.jpg 922w\" sizes=\"auto, (max-width: 1080px) 100vw, 1080px\" \/><\/figure>\n\n\n\n<figure class=\"wp-block-image\"><img loading=\"lazy\" decoding=\"async\" width=\"1080\" height=\"2400\" src=\"https:\/\/partyspajou.cz\/wp-content\/uploads\/2025\/02\/inbound5495286400393543076.jpg\" alt=\"\" class=\"wp-image-139\" srcset=\"https:\/\/partyspajou.cz\/wp-content\/uploads\/2025\/02\/inbound5495286400393543076.jpg 1080w, https:\/\/partyspajou.cz\/wp-content\/uploads\/2025\/02\/inbound5495286400393543076-135x300.jpg 135w, https:\/\/partyspajou.cz\/wp-content\/uploads\/2025\/02\/inbound5495286400393543076-461x1024.jpg 461w, https:\/\/partyspajou.cz\/wp-content\/uploads\/2025\/02\/inbound5495286400393543076-768x1707.jpg 768w, https:\/\/partyspajou.cz\/wp-content\/uploads\/2025\/02\/inbound5495286400393543076-691x1536.jpg 691w, https:\/\/partyspajou.cz\/wp-content\/uploads\/2025\/02\/inbound5495286400393543076-922x2048.jpg 922w\" sizes=\"auto, (max-width: 1080px) 100vw, 1080px\" \/><\/figure>\n","protected":false},"excerpt":{"rendered":"<p>Ma\u0161karn\u00ed b\u00e1ly  <span class=\"read-more\"><a class=\"more-link btn btn-transparent\" href=\"https:\/\/partyspajou.cz\/?page_id=13\">Read More &#8230;<\/a><\/span><\/p>\n","protected":false},"author":1,"featured_media":118,"parent":0,"menu_order":0,"comment_status":"closed","ping_status":"closed","template":"","meta":{"footnotes":""},"class_list":["post-13","page","type-page","status-publish","has-post-thumbnail","hentry"],"_links":{"self":[{"href":"https:\/\/partyspajou.cz\/index.php?rest_route=\/wp\/v2\/pages\/13","targetHints":{"allow":["GET"]}}],"collection":[{"href":"https:\/\/partyspajou.cz\/index.php?rest_route=\/wp\/v2\/pages"}],"about":[{"href":"https:\/\/partyspajou.cz\/index.php?rest_route=\/wp\/v2\/types\/page"}],"author":[{"embeddable":true,"href":"https:\/\/partyspajou.cz\/index.php?rest_route=\/wp\/v2\/users\/1"}],"replies":[{"embeddable":true,"href":"https:\/\/partyspajou.cz\/index.php?rest_route=%2Fwp%2Fv2%2Fcomments&post=13"}],"version-history":[{"count":11,"href":"https:\/\/partyspajou.cz\/index.php?rest_route=\/wp\/v2\/pages\/13\/revisions"}],"predecessor-version":[{"id":141,"href":"https:\/\/partyspajou.cz\/index.php?rest_route=\/wp\/v2\/pages\/13\/revisions\/141"}],"wp:featuredmedia":[{"embeddable":true,"href":"https:\/\/partyspajou.cz\/index.php?rest_route=\/wp\/v2\/media\/118"}],"wp:attachment":[{"href":"https:\/\/partyspajou.cz\/index.php?rest_route=%2Fwp%2Fv2%2Fmedia&parent=13"}],"curies":[{"name":"wp","href":"https:\/\/api.w.org\/{rel}","templated":true}]}}