{"id":46,"date":"2023-01-24T10:36:27","date_gmt":"2023-01-24T09:36:27","guid":{"rendered":"https:\/\/partyspajou.cz\/?page_id=46"},"modified":"2023-02-21T10:17:22","modified_gmt":"2023-02-21T09:17:22","slug":"cenik","status":"publish","type":"page","link":"https:\/\/partyspajou.cz\/?page_id=46","title":{"rendered":"Cen\u00edk"},"content":{"rendered":"\n<p>    <\/p>\n\n\n\n<figure class=\"wp-block-table\"><table><tbody><tr><td>narozeninov\u00e1 d\u011btsk\u00e1 p\u00e1rty <\/td><td>dle dohody <br>a po\u017eadavk\u016f<\/td><\/tr><tr><td>ma\u0161karn\u00ed b\u00e1l \/ d\u011btsk\u00fd den <\/td><td>dle dohody <br>a po\u017eadavk\u016f<\/td><\/tr><tr><td>sk\u00e1kac\u00ed hrad na akci<\/td><td>+1 000,-<\/td><\/tr><tr><td>zaji\u0161t\u011bn\u00ed drobn\u00fdch odm\u011bn za sout\u011b\u017ee <\/td><td>na dohod\u011b<\/td><\/tr><tr><td>p\u016fj\u010den\u00ed sk\u00e1kac\u00edho hradu (+ vratn\u00e1 kauce 3 000,-)<\/td><td>2 000,- \/ v\u00edkend<\/td><\/tr><tr><td>cestovn\u00e9 do 50km od Doma\u017elic<\/td><td>ZDARMA<\/td><\/tr><tr><td>cestovn\u00e9 nad 50km od Doma\u017elic<\/td><td>dle n\u00e1ro\u010dnosti <br>cena smluvn\u00ed<\/td><\/tr><\/tbody><\/table><\/figure>\n","protected":false},"excerpt":{"rendered":"<p>narozeninov\u00e1 d\u011btsk\u00e1 p\u00e1rty dle dohody a po\u017eadavk\u016f ma\u0161karn\u00ed b\u00e1l \/ d\u011btsk\u00fd den dle dohody a po\u017eadavk\u016f sk\u00e1kac\u00ed hrad na akci +1 000,- zaji\u0161t\u011bn\u00ed drobn\u00fdch odm\u011bn za sout\u011b\u017ee na dohod\u011b p\u016fj\u010den\u00ed sk\u00e1kac\u00edho hradu (+ vratn\u00e1 kauce 3 000,-) 2 000,- \/ v\u00edkend cestovn\u00e9 do 50km od <span class=\"read-more\"><a class=\"more-link btn btn-transparent\" href=\"https:\/\/partyspajou.cz\/?page_id=46\">Read More &#8230;<\/a><\/span><\/p>\n","protected":false},"author":1,"featured_media":0,"parent":0,"menu_order":0,"comment_status":"closed","ping_status":"closed","template":"","meta":{"footnotes":""},"class_list":["post-46","page","type-page","status-publish","hentry"],"_links":{"self":[{"href":"https:\/\/partyspajou.cz\/index.php?rest_route=\/wp\/v2\/pages\/46","targetHints":{"allow":["GET"]}}],"collection":[{"href":"https:\/\/partyspajou.cz\/index.php?rest_route=\/wp\/v2\/pages"}],"about":[{"href":"https:\/\/partyspajou.cz\/index.php?rest_route=\/wp\/v2\/types\/page"}],"author":[{"embeddable":true,"href":"https:\/\/partyspajou.cz\/index.php?rest_route=\/wp\/v2\/users\/1"}],"replies":[{"embeddable":true,"href":"https:\/\/partyspajou.cz\/index.php?rest_route=%2Fwp%2Fv2%2Fcomments&post=46"}],"version-history":[{"count":3,"href":"https:\/\/partyspajou.cz\/index.php?rest_route=\/wp\/v2\/pages\/46\/revisions"}],"predecessor-version":[{"id":87,"href":"https:\/\/partyspajou.cz\/index.php?rest_route=\/wp\/v2\/pages\/46\/revisions\/87"}],"wp:attachment":[{"href":"https:\/\/partyspajou.cz\/index.php?rest_route=%2Fwp%2Fv2%2Fmedia&parent=46"}],"curies":[{"name":"wp","href":"https:\/\/api.w.org\/{rel}","templated":true}]}}